{"id":5476,"date":"2023-05-10T17:25:17","date_gmt":"2023-05-10T15:25:17","guid":{"rendered":"https:\/\/www.intersoft-service.it\/customers\/fourbytes\/soluzioni-e-software-gestionali-per-le-imprese\/soluzioni-e-software-gestionali-su-misura-per-le-esigenze-della-tua-azienda\/soluzioni-software-crm-per-piccole-e-grandi-imprese-copy\/"},"modified":"2023-05-18T11:01:12","modified_gmt":"2023-05-18T09:01:12","slug":"soluzioni-software-per-la-gestione-della-qualita-aziendale","status":"publish","type":"page","link":"https:\/\/www.intersoft-service.it\/customers\/fourbytes\/soluzioni-e-software-gestionali-per-le-imprese\/soluzioni-e-software-gestionali-su-misura-per-le-esigenze-della-tua-azienda\/soluzioni-software-per-la-gestione-della-qualita-aziendale\/","title":{"rendered":"Gestione della qualit\u00e0"},"content":{"rendered":"<div class=\"wpb-content-wrapper\"><p>[vc_section full_width=&#8221;stretch_row&#8221; css=&#8221;.vc_custom_1683639879690{margin-top: -80px !important;padding-top: 30px !important;padding-bottom: 30px !important;background: #467ebd url(https:\/\/www.intersoft-service.it\/customers\/fourbytes\/wp-content\/uploads\/2023\/05\/software.jpg?id=5313) !important;background-position: center !important;background-repeat: no-repeat !important;background-size: cover !important;}&#8221;][vc_row content_placement=&#8221;middle&#8221; css=&#8221;.vc_custom_1683380889667{margin-right: 0px !important;margin-bottom: 0px !important;margin-left: 0px !important;padding-top: 80px !important;padding-right: 0px !important;padding-bottom: 120px !important;padding-left: 0px !important;}&#8221;][vc_column][vc_single_image image=&#8221;5479&#8243; img_size=&#8221;large&#8221;][\/vc_column][\/vc_row][\/vc_section][vc_row css=&#8221;.vc_custom_1679998434314{padding-top: 30px !important;}&#8221;][vc_column][vc_column_text]<\/p>\n<div style=\"text-align: right; float: right;\">\t\t\t<!-- Flexy Breadcrumb -->\n\t\t\t<div class=\"fbc fbc-page\">\n\n\t\t\t\t<!-- Breadcrumb wrapper -->\n\t\t\t\t<div class=\"fbc-wrap\">\n\n\t\t\t\t\t<!-- Ordered list-->\n\t\t\t\t\t<ol class=\"fbc-items\" itemscope itemtype=\"https:\/\/schema.org\/BreadcrumbList\">\n\t\t\t\t\t\t            <li itemprop=\"itemListElement\" itemscope itemtype=\"https:\/\/schema.org\/ListItem\">\n                <span itemprop=\"name\">\n                    <!-- Home Link -->\n                    <a itemprop=\"item\" href=\"https:\/\/www.intersoft-service.it\/customers\/fourbytes\/\">\n                    \n                                                    <i class=\"fa fa-home\" aria-hidden=\"true\"><\/i>                    <\/a>\n                <\/span>\n                <meta itemprop=\"position\" content=\"1\" \/><!-- Meta Position-->\n             <\/li><li><span class=\"fbc-separator\">><\/span><\/li><li class=\"active\" itemprop=\"itemListElement\" itemscope itemtype=\"https:\/\/schema.org\/ListItem\"><span itemprop=\"name\" title=\"Gestione della qualit\u00e0\">Gestione della qualit\u00e0<\/span><meta itemprop=\"position\" content=\"2\" \/><\/li>\t\t\t\t\t<\/ol>\n\t\t\t\t\t<div class=\"clearfix\"><\/div>\n\t\t\t\t<\/div>\n\t\t\t<\/div>\n\t\t\t<\/div>\n<p>[\/vc_column_text][\/vc_column][\/vc_row][vc_row css=&#8221;.vc_custom_1683713212425{margin-top: 80px !important;}&#8221;][vc_column][vc_column_text]Cerchi un software per gestire in modo pi\u00f9 efficace la <strong>qualit\u00e0 <\/strong>della tua azienda?<\/p>\n<p>Noi di Four Bytes abbiamo una <strong>soluzione su misura<\/strong> per te![\/vc_column_text][\/vc_column][\/vc_row][vc_section][vc_row css=&#8221;.vc_custom_1683633039154{padding-top: 60px !important;padding-bottom: 30px !important;}&#8221;][vc_column][vc_column_text]<\/p>\n<h1 style=\"text-align: left; font-family: 'Poppins'; font-weight: 600; color: #467ebd;\">La soluzione software per la gestione della tua qualit\u00e0<\/h1>\n<p>[\/vc_column_text][vc_raw_html]JTNDZGl2JTIwc3R5bGUlM0QlMjJ3aWR0aCUzQTEwMCUyNSUyMiUzRSUzQ2hyJTIwc3R5bGUlM0QlMjJ3aWR0aCUzQTEwJTI1JTNCZmxvYXQlM0FsZWZ0JTNCYm9yZGVyJTNBJTIwM3B4JTIwc29saWQlMjAlMjM0NjdFQkQlM0IlMjIlM0UlM0MlMkZociUzRSUzQyUyRmRpdiUzRQ==[\/vc_raw_html][\/vc_column][\/vc_row][vc_row css=&#8221;.vc_custom_1683714923965{padding-bottom: 0px !important;}&#8221;][vc_column][vc_column_text]Noi di Four Bytes siamo specializzati nella realizzazione di <strong>soluzioni software sartoriali<\/strong>: studiate a partire dai <strong>bisogni specifici della tua impresa<\/strong> e configurate per soddisfare in modo mirato le tue esigenze.<\/p>\n<p>Per permetterti di:[\/vc_column_text][\/vc_column][\/vc_row][vc_row css=&#8221;.vc_custom_1683721627818{margin-top: 40px !important;}&#8221;][vc_column width=&#8221;1\/3&#8243; el_class=&#8221;zoom&#8221;][vc_column_text]<\/p>\n<h4 style=\"color: #467ebd; text-align: center;\">SEMPLIFICARE E VELOCIZZARE<br \/>\nLA GESTIONE DELLA QUALIT\u00c0<\/h4>\n<p>[\/vc_column_text][\/vc_column][vc_column width=&#8221;1\/3&#8243; el_class=&#8221;zoom&#8221;][vc_column_text]<\/p>\n<h4 style=\"color: #467ebd; text-align: center;\">AUMENTARE L\u2019EFFICACIA<br \/>\nDEL CONTROLLO QUALIT\u00c0<\/h4>\n<p>[\/vc_column_text][\/vc_column][vc_column width=&#8221;1\/3&#8243; el_class=&#8221;zoom&#8221;][vc_column_text]<\/p>\n<h4 style=\"color: #467ebd; text-align: center;\">CENTRALIZZARE LE INFORMAZIONI<br \/>\nE SNELLIRE I PROCESSI<\/h4>\n<p>[\/vc_column_text][\/vc_column][\/vc_row][vc_row css=&#8221;.vc_custom_1683733067657{margin-top: 50px !important;padding-bottom: 0px !important;}&#8221;][vc_column][vc_column_text]<strong>Intuitive <\/strong>ed immediate, le nostre soluzioni software <strong>si adattano<\/strong> e <strong>valorizzano <\/strong>le peculiarit\u00e0 della <strong>tua azienda<\/strong>, garantendoti un\u2019<strong>ottimizzazione organizzativa avanzata<\/strong>.[\/vc_column_text][\/vc_column][\/vc_row][vc_row disable_element=&#8221;yes&#8221;][vc_column][vc_column_text]<\/p>\n<h3 style=\"text-align: left; color: #467ebd; font-weight: 300;\">Avere sempre disponibili tutti i documenti aziendali e collegarli tra di loro attraverso un unico software.<\/h3>\n<p>[\/vc_column_text][\/vc_column][\/vc_row][\/vc_section][vc_section][vc_row css=&#8221;.vc_custom_1683633039154{padding-top: 60px !important;padding-bottom: 30px !important;}&#8221;][vc_column][vc_column_text]<\/p>\n<h2 style=\"text-align: left; font-family: 'Poppins'; font-weight: 600; color: #467ebd;\">Tante funzioni, un&#8217;unica soluzione<\/h2>\n<p>[\/vc_column_text][vc_raw_html]JTNDZGl2JTIwc3R5bGUlM0QlMjJ3aWR0aCUzQTEwMCUyNSUyMiUzRSUzQ2hyJTIwc3R5bGUlM0QlMjJ3aWR0aCUzQTEwJTI1JTNCZmxvYXQlM0FsZWZ0JTNCYm9yZGVyJTNBJTIwM3B4JTIwc29saWQlMjAlMjM0NjdFQkQlM0IlMjIlM0UlM0MlMkZociUzRSUzQyUyRmRpdiUzRQ==[\/vc_raw_html][\/vc_column][\/vc_row][vc_row css=&#8221;.vc_custom_1683714883799{padding-bottom: 0px !important;}&#8221;][vc_column][vc_column_text]Composte da <strong>moduli dedicati e pienamente integrati nel gestionale<\/strong> come <em>Target QCross,<\/em> le nostre soluzioni software per la gestione della qualit\u00e0 consentono ai tuoi collaboratori di agire su <strong>numero aspetti<\/strong>.[\/vc_column_text][\/vc_column][\/vc_row][vc_row css=&#8221;.vc_custom_1683733100811{margin-top: 40px !important;margin-bottom: 60px !important;}&#8221;][vc_column]<div class=\"fp-accordion  style-1\">\n\t\t\t\t<div class=\"accordion-title\">\n\t\t\t\t\t<span class=\"icons\">\n\t\t\t\t\t\t<i class=\"fa fa-plus\" aria-hidden=\"true\"><\/i>\n\t\t\t\t\t\t<i class=\"fa fa-minus\" aria-hidden=\"true\"><\/i>\n\t\t\t\t\t<\/span>\n\t                <h2>GESTIONE DELLE NON CONFORMIT\u00c0<\/h2>\n\t\t\t\t<\/div>\n                <div class=\"toggle-content\"><p>Per <strong>monitorare<\/strong>, <strong>analizzare <\/strong>e <strong>compiere interventi correttivi<\/strong> sulle <strong>aree fornitore<\/strong>, <strong>produzione <\/strong>e <strong>cliente <\/strong>(scheda reclamo).<\/p>\n<p>Con le nostre soluzioni software puoi effettuare queste operazioni attraverso una semplice <strong>tabella di gestione<\/strong> enti ed utenti, in cui puoi impostare permessi di accesso e\/o per inserimento\/modifica dei dati.<\/p>\n<p>A cui si aggiunge la funzione strategica delle notifiche delle non conformit\u00e0 per ente d\u2019appartenenza, che permette di:<\/p>\n<p>\u2714<strong> Verificare le non conformit\u00e0<\/strong> aperte, distribuite e quelle che richiedono correzioni<\/p>\n<p>\u2714<strong> Generare ordini di collaudo<\/strong> (in Microsoft Word) partendo da una non conformit\u00e0 fornitore<\/p>\n<p>\u2714 Effettuare lo <strong>scarico del materiale dal deposito<\/strong> <strong>merce<\/strong> non conforme e relativo <strong>carico nel deposito\/magazzino<\/strong> di destinazione, quando avviene la chiusura della non conformit\u00e0<\/p>\n<p>\u2714 Valutare la qualit\u00e0 del fornitore secondo formule impostate<\/p>\n<\/div>\n            <\/div><div class=\"fp-accordion  style-1\">\n\t\t\t\t<div class=\"accordion-title\">\n\t\t\t\t\t<span class=\"icons\">\n\t\t\t\t\t\t<i class=\"fa fa-plus\" aria-hidden=\"true\"><\/i>\n\t\t\t\t\t\t<i class=\"fa fa-minus\" aria-hidden=\"true\"><\/i>\n\t\t\t\t\t<\/span>\n\t                <h2>ACCETTAZIONE MERCE<\/h2>\n\t\t\t\t<\/div>\n                <div class=\"toggle-content\"><p>Con i nostri software per la gestione della qualit\u00e0 puoi:<\/p>\n<p>\u2714<strong> Associare articolo\/famiglia di controllo<\/strong>: gestendo le caratteristiche del controllo e impostando le famiglie di controllo di default e sulle categorie merceologiche<\/p>\n<p>\u2714<strong> Verificare la conformit\u00e0<\/strong>: visualizzando DdT con righe in attesa di controllo<\/p>\n<p>\u2714 <strong>Gestire livelli di campionatura<\/strong>: a percentuale e mediante formule di calcolo<\/p>\n<p>\u2714<strong> Analisi<\/strong>: con una gestione dinamica in cui puoi creare la struttura delle tue analisi<\/p>\n<p>\u2714 <strong>Gestire il magazzino d\u2019accettazione, per merce non ancora campionata<\/strong>: grazie al rilascio automatico a conformit\u00e0 verificata e il trasferimento nel corrispettivo magazzino di carico. In caso di non conformit\u00e0, avrai la facolt\u00e0 di trasferire la merce in un altro magazzino<\/p>\n<p>\u2714 <strong>Gestire ritardi fornitore\/cliente<\/strong>: verificando in automatico i ritardi nelle consegne e stampando i prospetti dei ritardi nelle consegne, con la possibilit\u00e0 di inserire delle note<\/p>\n<\/div>\n            <\/div><div class=\"fp-accordion  style-1\">\n\t\t\t\t<div class=\"accordion-title\">\n\t\t\t\t\t<span class=\"icons\">\n\t\t\t\t\t\t<i class=\"fa fa-plus\" aria-hidden=\"true\"><\/i>\n\t\t\t\t\t\t<i class=\"fa fa-minus\" aria-hidden=\"true\"><\/i>\n\t\t\t\t\t<\/span>\n\t                <h2>MANUTENZIONE MACCHINE \u2013 CENTRI DI LAVORO \u2013 STRUMENTI<\/h2>\n\t\t\t\t<\/div>\n                <div class=\"toggle-content\"><p>Le nostre soluzioni software per la gestione della qualit\u00e0 includono sezioni che ti consentono di operare su aspetti di <strong>schedulazione <\/strong>per le operazioni di <strong>manutenzione <\/strong>\u2013 delle macchine e dei centri lavoro \u2013 e di <strong>registrare <\/strong>gli <strong>interventi <\/strong>fatti, preventivi e\/o straordinari.<\/p>\n<p>In pi\u00f9, attraverso un <strong>ambiente semplice<\/strong> e <strong>funzionale<\/strong>, puoi operare sullo scarico da <strong>magazzino <\/strong>per articoli destinati a manutenzione e <strong>gestire gli strumenti<\/strong> di misura.<\/p>\n<p>In particolare, puoi:<\/p>\n<p>\u2714<strong> Gestire gamme di controllo<\/strong>: storicizzabili ed eseguibili a data programmata e\/o periodica<\/p>\n<ul>\n<li>Operatore\/Gruppi\/Ente responsabile<\/li>\n<li>Frequenza (pezzi prodotti \u2013 ore lavorate)<\/li>\n<li>Associazione macchina\/e<\/li>\n<\/ul>\n<p>\u2714 <strong>Gestire l\u2019anagrafica delle macchine<\/strong><\/p>\n<ul>\n<li>Stato macchine (in produzione, in revisione, ecc\u2026)<\/li>\n<li>Dati fornitore e dell\u2019entrata in produzione delle macchine<\/li>\n<li>Gamma controllo, associata alla macchina e relative operazioni da eseguire<\/li>\n<\/ul>\n<p>\u2714<strong> Gestire la manutenzione degli strumenti<\/strong><\/p>\n<ul>\n<li>Tracciare stato, scadenza e posizione dello strumento<\/li>\n<\/ul>\n<p>Gestire e tracciare tutti i controlli effettuati sugli strumenti<\/p>\n<\/div>\n            <\/div><div class=\"fp-accordion  style-1\">\n\t\t\t\t<div class=\"accordion-title\">\n\t\t\t\t\t<span class=\"icons\">\n\t\t\t\t\t\t<i class=\"fa fa-plus\" aria-hidden=\"true\"><\/i>\n\t\t\t\t\t\t<i class=\"fa fa-minus\" aria-hidden=\"true\"><\/i>\n\t\t\t\t\t<\/span>\n\t                <h2>ANALISI DEI DATI<\/h2>\n\t\t\t\t<\/div>\n                <div class=\"toggle-content\"><p>Grazie alle nostre soluzioni software per la gestione della qualit\u00e0, puoi effettuare le <strong>operazioni <\/strong>di:<\/p>\n<ul>\n<li>Classificazione dei fornitori<\/li>\n<li>Identificazione del numero di non conformit\u00e0 in un dato periodo<\/li>\n<li>Analisi delle non conformit\u00e0<\/li>\n<li>Rendicontazione delle non conformit\u00e0\/merce consegnata<\/li>\n<\/ul>\n<p>Analisi dei ritardi<\/p>\n<\/div>\n            <\/div>[\/vc_column][\/vc_row][vc_row css=&#8221;.vc_custom_1683728021121{margin-bottom: 100px !important;padding-bottom: 0px !important;}&#8221;][vc_column][vc_column_text]Ottimizza il tuo processo qualitativo. Scegli la soluzione software per la gestione della qualit\u00e0 creata appositamente per la tua impresa. Contattaci![\/vc_column_text][\/vc_column][\/vc_row][\/vc_section][vc_row full_width=&#8221;stretch_row&#8221; css=&#8221;.vc_custom_1683481714946{margin-bottom: -150px !important;background: #467ebd url(https:\/\/www.intersoft-service.it\/customers\/fourbytes\/wp-content\/uploads\/2023\/05\/form-bkg.png?id=5040) !important;background-position: 0 0 !important;background-repeat: no-repeat !important;}&#8221;][vc_column css=&#8221;.vc_custom_1679595171610{padding-top: 80px !important;}&#8221;][vc_row_inner css=&#8221;.vc_custom_1679595107990{margin-top: 80px !important;}&#8221;][vc_column_inner offset=&#8221;vc_col-md-3&#8243;][\/vc_column_inner][vc_column_inner el_class=&#8221;bkgoverlay&#8221; offset=&#8221;vc_col-md-4&#8243;][vc_column_text css=&#8221;.vc_custom_1683481766220{padding-bottom: 20px !important;}&#8221;]<\/p>\n<h2 style=\"font-family: Poppins; font-weight: 600; color: #fff; text-align: left; font-size: 40px;\">Contattaci.<\/h2>\n<p>[\/vc_column_text][vc_column_text css=&#8221;.vc_custom_1683481872912{margin-bottom: 20px !important;}&#8221;]<\/p>\n<h4 style=\"font-family: Poppins; font-weight: 600; color: #fff; text-align: left;\">Hai qualche domanda da farci?<br \/>\nSiamo qui per risponderti.<\/h4>\n<p>[\/vc_column_text][vc_column_text]<span style=\"color: #fff;\">Compila il form a lato ed invialo subito, uno dei nostri Consulenti ti risponder\u00e0 al pi\u00f9 presto.<\/span>[\/vc_column_text][\/vc_column_inner][vc_column_inner css=&#8221;.vc_custom_1679645091074{margin-top: 30px !important;padding-bottom: 80px !important;}&#8221; offset=&#8221;vc_col-md-5&#8243;][vc_column_text]\n<div class=\"wpcf7 no-js\" id=\"wpcf7-f3614-o1\" lang=\"en-US\" dir=\"ltr\">\n<div class=\"screen-reader-response\"><p role=\"status\" aria-live=\"polite\" aria-atomic=\"true\"><\/p> <ul><\/ul><\/div>\n<form action=\"\/customers\/fourbytes\/wp-json\/wp\/v2\/pages\/5476#wpcf7-f3614-o1\" method=\"post\" class=\"wpcf7-form init\" aria-label=\"Contact form\" novalidate=\"novalidate\" data-status=\"init\">\n<div style=\"display: none;\">\n<input type=\"hidden\" name=\"_wpcf7\" value=\"3614\" \/>\n<input type=\"hidden\" name=\"_wpcf7_version\" value=\"5.7.6\" \/>\n<input type=\"hidden\" name=\"_wpcf7_locale\" value=\"en_US\" \/>\n<input type=\"hidden\" name=\"_wpcf7_unit_tag\" value=\"wpcf7-f3614-o1\" \/>\n<input type=\"hidden\" name=\"_wpcf7_container_post\" value=\"0\" \/>\n<input type=\"hidden\" name=\"_wpcf7_posted_data_hash\" value=\"\" \/>\n<\/div>\n<div class=\"fp-form fp-form-1\" style=\"border:none;padding:0;margin:0\">\n\t<p class=\"field first-row\"><span class=\"wpcf7-form-control-wrap\" data-name=\"first-name\"><input size=\"40\" class=\"wpcf7-form-control wpcf7-text wpcf7-validates-as-required\" aria-required=\"true\" aria-invalid=\"false\" placeholder=\"Nome*\" value=\"\" type=\"text\" name=\"first-name\" \/><\/span>\n\t<\/p>\n\t<p class=\"field last-row\"><span class=\"wpcf7-form-control-wrap\" data-name=\"last-name\"><input size=\"40\" class=\"wpcf7-form-control wpcf7-text wpcf7-validates-as-required\" aria-required=\"true\" aria-invalid=\"false\" placeholder=\"Cognome*\" value=\"\" type=\"text\" name=\"last-name\" \/><\/span>\n\t<\/p>\n\t<p class=\"field first-row\"><span class=\"wpcf7-form-control-wrap\" data-name=\"your-company\"><input size=\"40\" class=\"wpcf7-form-control wpcf7-text\" aria-invalid=\"false\" placeholder=\"Azienda\" value=\"\" type=\"text\" name=\"your-company\" \/><\/span>\n\t<\/p>\n\t<p class=\"field last-row\"><span class=\"wpcf7-form-control-wrap\" data-name=\"your-email\"><input size=\"40\" class=\"wpcf7-form-control wpcf7-text wpcf7-email wpcf7-validates-as-required wpcf7-validates-as-email\" aria-required=\"true\" aria-invalid=\"false\" placeholder=\"Email*\" value=\"\" type=\"email\" name=\"your-email\" \/><\/span>\n\t<\/p>\n\t<p class=\"field single-field\"><span class=\"wpcf7-form-control-wrap\" data-name=\"your-message\"><textarea cols=\"40\" rows=\"10\" class=\"wpcf7-form-control wpcf7-textarea\" aria-invalid=\"false\" placeholder=\"Richiesta\" name=\"your-message\"><\/textarea><\/span>\n\t<\/p>\n\t<p class=\"field first-row\" style=\"font-size:11px\"><span class=\"wpcf7-form-control-wrap\" data-name=\"Holettolinformativa\"><span class=\"wpcf7-form-control wpcf7-acceptance\"><span class=\"wpcf7-list-item\"><input type=\"checkbox\" name=\"Holettolinformativa\" value=\"1\" aria-invalid=\"false\" \/><\/span><\/span><\/span><span style=\"color:#000000;\"> <strong>*<\/strong> Ho letto attentamente l'<strong><a href=\"https:\/\/www.targetcross.it\/informativa-raccolta-dati\/\" target=\"_blank\">Informativa Privacy rilasciata da Four Solutions ai sensi del Regolamento Europeo 2016\/679<\/a><\/strong> e fornisco il consenso al trattamento dei miei dati personali per le finalit\u00e0 di contatto e per ottenere una demo.<\/span>\n\t<\/p>\n\t<p class=\"field last-row field submit\" style=\"margin-top:25px;float:right;text-align:right;\">&nbsp;&nbsp;&nbsp;&nbsp;&nbsp;&nbsp;&nbsp;&nbsp;&nbsp;&nbsp;<input class=\"wpcf7-form-control has-spinner wpcf7-submit fp-btn\" type=\"submit\" value=\"INVIA\" \/>\n\t<\/p>\n<\/div><div class=\"wpcf7-response-output\" aria-hidden=\"true\"><\/div>\n<\/form>\n<\/div>\n[\/vc_column_text][\/vc_column_inner][\/vc_row_inner][\/vc_column][\/vc_row]<\/p>\n<\/div>","protected":false},"excerpt":{"rendered":"<p>[vc_section full_width=&#8221;stretch_row&#8221; css=&#8221;.vc_custom_1683639879690{margin-top: -80px !important;padding-top: 30px !important;padding-bottom: 30px !important;background: #467ebd url(https:\/\/www.intersoft-service.it\/customers\/fourbytes\/wp-content\/uploads\/2023\/05\/software.jpg?id=5313) !important;background-position: center !important;background-repeat: no-repeat !important;background-size: cover !important;}&#8221;][vc_row content_placement=&#8221;middle&#8221; css=&#8221;.vc_custom_1683380889667{margin-right: 0px !important;margin-bottom: 0px !important;margin-left: 0px !important;padding-top: 80px !important;padding-right: 0px !important;padding-bottom:&hellip;<\/p>\n","protected":false},"author":1,"featured_media":0,"parent":5381,"menu_order":0,"comment_status":"closed","ping_status":"closed","template":"","meta":[],"_links":{"self":[{"href":"https:\/\/www.intersoft-service.it\/customers\/fourbytes\/wp-json\/wp\/v2\/pages\/5476"}],"collection":[{"href":"https:\/\/www.intersoft-service.it\/customers\/fourbytes\/wp-json\/wp\/v2\/pages"}],"about":[{"href":"https:\/\/www.intersoft-service.it\/customers\/fourbytes\/wp-json\/wp\/v2\/types\/page"}],"author":[{"embeddable":true,"href":"https:\/\/www.intersoft-service.it\/customers\/fourbytes\/wp-json\/wp\/v2\/users\/1"}],"replies":[{"embeddable":true,"href":"https:\/\/www.intersoft-service.it\/customers\/fourbytes\/wp-json\/wp\/v2\/comments?post=5476"}],"version-history":[{"count":6,"href":"https:\/\/www.intersoft-service.it\/customers\/fourbytes\/wp-json\/wp\/v2\/pages\/5476\/revisions"}],"predecessor-version":[{"id":5689,"href":"https:\/\/www.intersoft-service.it\/customers\/fourbytes\/wp-json\/wp\/v2\/pages\/5476\/revisions\/5689"}],"up":[{"embeddable":true,"href":"https:\/\/www.intersoft-service.it\/customers\/fourbytes\/wp-json\/wp\/v2\/pages\/5381"}],"wp:attachment":[{"href":"https:\/\/www.intersoft-service.it\/customers\/fourbytes\/wp-json\/wp\/v2\/media?parent=5476"}],"curies":[{"name":"wp","href":"https:\/\/api.w.org\/{rel}","templated":true}]}}